{"id":12042,"date":"2026-02-28T09:59:51","date_gmt":"2026-02-28T09:59:51","guid":{"rendered":"https:\/\/bahrinnargile.com\/?post_type=product&#038;p=12042"},"modified":"2026-03-06T08:25:39","modified_gmt":"2026-03-06T08:25:39","slug":"nargile-ocagi-izgara-ustu-tel","status":"publish","type":"product","link":"https:\/\/bahrinnargile.com\/index.php\/urun\/nargile-ocagi-izgara-ustu-tel\/","title":{"rendered":"Nargile Oca\u011f\u0131 Izgara \u00dcst\u00fc Tel"},"content":{"rendered":"","protected":false},"excerpt":{"rendered":"","protected":false},"featured_media":12043,"template":"","meta":[],"product_brand":[],"product_cat":[90,194],"product_tag":[],"class_list":{"0":"post-12042","1":"product","2":"type-product","3":"status-publish","4":"has-post-thumbnail","6":"product_cat-nargile-ocaklari","7":"product_cat-nargile-ocaklari-nargile-ocaklari","9":"first","10":"instock","11":"purchasable","12":"product-type-simple"},"jetpack_sharing_enabled":true,"_links":{"self":[{"href":"https:\/\/bahrinnargile.com\/index.php\/wp-json\/wp\/v2\/product\/12042","targetHints":{"allow":["GET"]}}],"collection":[{"href":"https:\/\/bahrinnargile.com\/index.php\/wp-json\/wp\/v2\/product"}],"about":[{"href":"https:\/\/bahrinnargile.com\/index.php\/wp-json\/wp\/v2\/types\/product"}],"version-history":[{"count":1,"href":"https:\/\/bahrinnargile.com\/index.php\/wp-json\/wp\/v2\/product\/12042\/revisions"}],"predecessor-version":[{"id":12044,"href":"https:\/\/bahrinnargile.com\/index.php\/wp-json\/wp\/v2\/product\/12042\/revisions\/12044"}],"wp:featuredmedia":[{"embeddable":true,"href":"https:\/\/bahrinnargile.com\/index.php\/wp-json\/wp\/v2\/media\/12043"}],"wp:attachment":[{"href":"https:\/\/bahrinnargile.com\/index.php\/wp-json\/wp\/v2\/media?parent=12042"}],"wp:term":[{"taxonomy":"product_brand","embeddable":true,"href":"https:\/\/bahrinnargile.com\/index.php\/wp-json\/wp\/v2\/product_brand?post=12042"},{"taxonomy":"product_cat","embeddable":true,"href":"https:\/\/bahrinnargile.com\/index.php\/wp-json\/wp\/v2\/product_cat?post=12042"},{"taxonomy":"product_tag","embeddable":true,"href":"https:\/\/bahrinnargile.com\/index.php\/wp-json\/wp\/v2\/product_tag?post=12042"}],"curies":[{"name":"wp","href":"https:\/\/api.w.org\/{rel}","templated":true}]}}