{"id":12067,"date":"2026-02-28T10:39:33","date_gmt":"2026-02-28T10:39:33","guid":{"rendered":"https:\/\/bahrinnargile.com\/?post_type=product&#038;p=12067"},"modified":"2026-04-10T11:36:15","modified_gmt":"2026-04-10T11:36:15","slug":"bee-hookah-killer-lule","status":"publish","type":"product","link":"https:\/\/bahrinnargile.com\/index.php\/urun\/bee-hookah-killer-lule\/","title":{"rendered":"Bee Hookah Killer L\u00fcle"},"content":{"rendered":"","protected":false},"excerpt":{"rendered":"<h4>&#8211; \u00dcr\u00fcn\u00fcm\u00fcz Orijinaldir.<\/h4>\n","protected":false},"featured_media":12068,"template":"","meta":[],"product_brand":[],"product_cat":[147,205,59],"product_tag":[],"class_list":{"0":"post-12067","1":"product","2":"type-product","3":"status-publish","4":"has-post-thumbnail","6":"product_cat-bee","7":"product_cat-lule","8":"product_cat-luleler","10":"first","11":"instock","12":"purchasable","13":"product-type-simple"},"jetpack_sharing_enabled":true,"_links":{"self":[{"href":"https:\/\/bahrinnargile.com\/index.php\/wp-json\/wp\/v2\/product\/12067","targetHints":{"allow":["GET"]}}],"collection":[{"href":"https:\/\/bahrinnargile.com\/index.php\/wp-json\/wp\/v2\/product"}],"about":[{"href":"https:\/\/bahrinnargile.com\/index.php\/wp-json\/wp\/v2\/types\/product"}],"version-history":[{"count":2,"href":"https:\/\/bahrinnargile.com\/index.php\/wp-json\/wp\/v2\/product\/12067\/revisions"}],"predecessor-version":[{"id":12672,"href":"https:\/\/bahrinnargile.com\/index.php\/wp-json\/wp\/v2\/product\/12067\/revisions\/12672"}],"wp:featuredmedia":[{"embeddable":true,"href":"https:\/\/bahrinnargile.com\/index.php\/wp-json\/wp\/v2\/media\/12068"}],"wp:attachment":[{"href":"https:\/\/bahrinnargile.com\/index.php\/wp-json\/wp\/v2\/media?parent=12067"}],"wp:term":[{"taxonomy":"product_brand","embeddable":true,"href":"https:\/\/bahrinnargile.com\/index.php\/wp-json\/wp\/v2\/product_brand?post=12067"},{"taxonomy":"product_cat","embeddable":true,"href":"https:\/\/bahrinnargile.com\/index.php\/wp-json\/wp\/v2\/product_cat?post=12067"},{"taxonomy":"product_tag","embeddable":true,"href":"https:\/\/bahrinnargile.com\/index.php\/wp-json\/wp\/v2\/product_tag?post=12067"}],"curies":[{"name":"wp","href":"https:\/\/api.w.org\/{rel}","templated":true}]}}