{"id":12386,"date":"2026-03-10T15:12:17","date_gmt":"2026-03-10T15:12:17","guid":{"rendered":"https:\/\/bahrinnargile.com\/?post_type=product&#038;p=12386"},"modified":"2026-04-09T12:27:54","modified_gmt":"2026-04-09T12:27:54","slug":"e24-big-boss-eco-celik-seri","status":"publish","type":"product","link":"https:\/\/bahrinnargile.com\/index.php\/urun\/e24-big-boss-eco-celik-seri\/","title":{"rendered":"E24 Big Boss Eco \u00c7elik Seri"},"content":{"rendered":"","protected":false},"excerpt":{"rendered":"<h3>&#8211; \u00dcr\u00fcn\u00fcm\u00fcz orijinaldir.<\/h3>\n","protected":false},"featured_media":12387,"template":"","meta":[],"product_brand":[],"product_cat":[130,204],"product_tag":[],"class_list":{"0":"post-12386","1":"product","2":"type-product","3":"status-publish","4":"has-post-thumbnail","6":"product_cat-celik-takimlar","7":"product_cat-takim","9":"first","10":"instock","11":"purchasable","12":"product-type-simple"},"jetpack_sharing_enabled":true,"_links":{"self":[{"href":"https:\/\/bahrinnargile.com\/index.php\/wp-json\/wp\/v2\/product\/12386","targetHints":{"allow":["GET"]}}],"collection":[{"href":"https:\/\/bahrinnargile.com\/index.php\/wp-json\/wp\/v2\/product"}],"about":[{"href":"https:\/\/bahrinnargile.com\/index.php\/wp-json\/wp\/v2\/types\/product"}],"version-history":[{"count":2,"href":"https:\/\/bahrinnargile.com\/index.php\/wp-json\/wp\/v2\/product\/12386\/revisions"}],"predecessor-version":[{"id":12554,"href":"https:\/\/bahrinnargile.com\/index.php\/wp-json\/wp\/v2\/product\/12386\/revisions\/12554"}],"wp:featuredmedia":[{"embeddable":true,"href":"https:\/\/bahrinnargile.com\/index.php\/wp-json\/wp\/v2\/media\/12387"}],"wp:attachment":[{"href":"https:\/\/bahrinnargile.com\/index.php\/wp-json\/wp\/v2\/media?parent=12386"}],"wp:term":[{"taxonomy":"product_brand","embeddable":true,"href":"https:\/\/bahrinnargile.com\/index.php\/wp-json\/wp\/v2\/product_brand?post=12386"},{"taxonomy":"product_cat","embeddable":true,"href":"https:\/\/bahrinnargile.com\/index.php\/wp-json\/wp\/v2\/product_cat?post=12386"},{"taxonomy":"product_tag","embeddable":true,"href":"https:\/\/bahrinnargile.com\/index.php\/wp-json\/wp\/v2\/product_tag?post=12386"}],"curies":[{"name":"wp","href":"https:\/\/api.w.org\/{rel}","templated":true}]}}