{"id":12466,"date":"2026-04-02T12:40:46","date_gmt":"2026-04-02T12:40:46","guid":{"rendered":"https:\/\/bahrinnargile.com\/?post_type=product&#038;p=12466"},"modified":"2026-04-02T12:40:47","modified_gmt":"2026-04-02T12:40:47","slug":"mese-komuru-10-kg","status":"publish","type":"product","link":"https:\/\/bahrinnargile.com\/index.php\/urun\/mese-komuru-10-kg\/","title":{"rendered":"Me\u015fe K\u00f6m\u00fcr\u00fc (10 KG)"},"content":{"rendered":"","protected":false},"excerpt":{"rendered":"","protected":false},"featured_media":12467,"template":"","meta":[],"product_brand":[],"product_cat":[108,167],"product_tag":[],"class_list":{"0":"post-12466","1":"product","2":"type-product","3":"status-publish","4":"has-post-thumbnail","6":"product_cat-nargile-komurleri","7":"product_cat-nargile-komurleri-nargile-komurleri","9":"first","10":"instock","11":"purchasable","12":"product-type-simple"},"jetpack_sharing_enabled":true,"_links":{"self":[{"href":"https:\/\/bahrinnargile.com\/index.php\/wp-json\/wp\/v2\/product\/12466","targetHints":{"allow":["GET"]}}],"collection":[{"href":"https:\/\/bahrinnargile.com\/index.php\/wp-json\/wp\/v2\/product"}],"about":[{"href":"https:\/\/bahrinnargile.com\/index.php\/wp-json\/wp\/v2\/types\/product"}],"version-history":[{"count":1,"href":"https:\/\/bahrinnargile.com\/index.php\/wp-json\/wp\/v2\/product\/12466\/revisions"}],"predecessor-version":[{"id":12468,"href":"https:\/\/bahrinnargile.com\/index.php\/wp-json\/wp\/v2\/product\/12466\/revisions\/12468"}],"wp:featuredmedia":[{"embeddable":true,"href":"https:\/\/bahrinnargile.com\/index.php\/wp-json\/wp\/v2\/media\/12467"}],"wp:attachment":[{"href":"https:\/\/bahrinnargile.com\/index.php\/wp-json\/wp\/v2\/media?parent=12466"}],"wp:term":[{"taxonomy":"product_brand","embeddable":true,"href":"https:\/\/bahrinnargile.com\/index.php\/wp-json\/wp\/v2\/product_brand?post=12466"},{"taxonomy":"product_cat","embeddable":true,"href":"https:\/\/bahrinnargile.com\/index.php\/wp-json\/wp\/v2\/product_cat?post=12466"},{"taxonomy":"product_tag","embeddable":true,"href":"https:\/\/bahrinnargile.com\/index.php\/wp-json\/wp\/v2\/product_tag?post=12466"}],"curies":[{"name":"wp","href":"https:\/\/api.w.org\/{rel}","templated":true}]}}