{"id":12492,"date":"2026-04-03T08:35:16","date_gmt":"2026-04-03T08:35:16","guid":{"rendered":"https:\/\/bahrinnargile.com\/?post_type=product&#038;p=12492"},"modified":"2026-04-03T08:36:25","modified_gmt":"2026-04-03T08:36:25","slug":"zemu-elektrikli-krom-koz-nargile-ocagi","status":"publish","type":"product","link":"https:\/\/bahrinnargile.com\/index.php\/urun\/zemu-elektrikli-krom-koz-nargile-ocagi\/","title":{"rendered":"Zemu Elektrikli Krom K\u00f6z Oca\u011f\u0131"},"content":{"rendered":"","protected":false},"excerpt":{"rendered":"","protected":false},"featured_media":12493,"template":"","meta":[],"product_brand":[],"product_cat":[195,194,90],"product_tag":[],"class_list":{"0":"post-12492","1":"product","2":"type-product","3":"status-publish","4":"has-post-thumbnail","6":"product_cat-elektirkli-ocaklar","7":"product_cat-nargile-ocaklari-nargile-ocaklari","8":"product_cat-nargile-ocaklari","10":"first","11":"instock","12":"purchasable","13":"product-type-simple"},"jetpack_sharing_enabled":true,"_links":{"self":[{"href":"https:\/\/bahrinnargile.com\/index.php\/wp-json\/wp\/v2\/product\/12492","targetHints":{"allow":["GET"]}}],"collection":[{"href":"https:\/\/bahrinnargile.com\/index.php\/wp-json\/wp\/v2\/product"}],"about":[{"href":"https:\/\/bahrinnargile.com\/index.php\/wp-json\/wp\/v2\/types\/product"}],"version-history":[{"count":2,"href":"https:\/\/bahrinnargile.com\/index.php\/wp-json\/wp\/v2\/product\/12492\/revisions"}],"predecessor-version":[{"id":12496,"href":"https:\/\/bahrinnargile.com\/index.php\/wp-json\/wp\/v2\/product\/12492\/revisions\/12496"}],"wp:featuredmedia":[{"embeddable":true,"href":"https:\/\/bahrinnargile.com\/index.php\/wp-json\/wp\/v2\/media\/12493"}],"wp:attachment":[{"href":"https:\/\/bahrinnargile.com\/index.php\/wp-json\/wp\/v2\/media?parent=12492"}],"wp:term":[{"taxonomy":"product_brand","embeddable":true,"href":"https:\/\/bahrinnargile.com\/index.php\/wp-json\/wp\/v2\/product_brand?post=12492"},{"taxonomy":"product_cat","embeddable":true,"href":"https:\/\/bahrinnargile.com\/index.php\/wp-json\/wp\/v2\/product_cat?post=12492"},{"taxonomy":"product_tag","embeddable":true,"href":"https:\/\/bahrinnargile.com\/index.php\/wp-json\/wp\/v2\/product_tag?post=12492"}],"curies":[{"name":"wp","href":"https:\/\/api.w.org\/{rel}","templated":true}]}}