{"id":12506,"date":"2026-04-03T08:55:15","date_gmt":"2026-04-03T08:55:15","guid":{"rendered":"https:\/\/bahrinnargile.com\/?post_type=product&#038;p=12506"},"modified":"2026-04-03T08:55:15","modified_gmt":"2026-04-03T08:55:15","slug":"buyuk-boy-deri-canta","status":"publish","type":"product","link":"https:\/\/bahrinnargile.com\/index.php\/urun\/buyuk-boy-deri-canta\/","title":{"rendered":"B\u00fcy\u00fck Boy Deri \u00c7anta"},"content":{"rendered":"","protected":false},"excerpt":{"rendered":"","protected":false},"featured_media":12507,"template":"","meta":[],"product_brand":[],"product_cat":[69,178,189],"product_tag":[],"class_list":{"0":"post-12506","1":"product","2":"type-product","3":"status-publish","4":"has-post-thumbnail","6":"product_cat-aksesuarlar","7":"product_cat-aksesuarlar-aksesuarlar","8":"product_cat-diger-aksesuarlar","10":"first","11":"instock","12":"purchasable","13":"product-type-simple"},"jetpack_sharing_enabled":true,"_links":{"self":[{"href":"https:\/\/bahrinnargile.com\/index.php\/wp-json\/wp\/v2\/product\/12506","targetHints":{"allow":["GET"]}}],"collection":[{"href":"https:\/\/bahrinnargile.com\/index.php\/wp-json\/wp\/v2\/product"}],"about":[{"href":"https:\/\/bahrinnargile.com\/index.php\/wp-json\/wp\/v2\/types\/product"}],"version-history":[{"count":1,"href":"https:\/\/bahrinnargile.com\/index.php\/wp-json\/wp\/v2\/product\/12506\/revisions"}],"predecessor-version":[{"id":12508,"href":"https:\/\/bahrinnargile.com\/index.php\/wp-json\/wp\/v2\/product\/12506\/revisions\/12508"}],"wp:featuredmedia":[{"embeddable":true,"href":"https:\/\/bahrinnargile.com\/index.php\/wp-json\/wp\/v2\/media\/12507"}],"wp:attachment":[{"href":"https:\/\/bahrinnargile.com\/index.php\/wp-json\/wp\/v2\/media?parent=12506"}],"wp:term":[{"taxonomy":"product_brand","embeddable":true,"href":"https:\/\/bahrinnargile.com\/index.php\/wp-json\/wp\/v2\/product_brand?post=12506"},{"taxonomy":"product_cat","embeddable":true,"href":"https:\/\/bahrinnargile.com\/index.php\/wp-json\/wp\/v2\/product_cat?post=12506"},{"taxonomy":"product_tag","embeddable":true,"href":"https:\/\/bahrinnargile.com\/index.php\/wp-json\/wp\/v2\/product_tag?post=12506"}],"curies":[{"name":"wp","href":"https:\/\/api.w.org\/{rel}","templated":true}]}}