{"id":9914,"date":"2025-11-28T11:57:35","date_gmt":"2025-11-28T11:57:35","guid":{"rendered":"https:\/\/bahrinnargile.com\/?post_type=product&#038;p=9914"},"modified":"2026-03-06T08:12:11","modified_gmt":"2026-03-06T08:12:11","slug":"bahrin-26mm","status":"publish","type":"product","link":"https:\/\/bahrinnargile.com\/index.php\/urun\/bahrin-26mm\/","title":{"rendered":"Bahrin 26mm"},"content":{"rendered":"<p>Bahrinn 26mm Nargile K\u00f6m\u00fcr\u00fc<\/p>\n","protected":false},"excerpt":{"rendered":"<p>Bahrinn 26mm Nargile K\u00f6m\u00fcr\u00fc<\/p>\n","protected":false},"featured_media":9915,"template":"","meta":[],"product_brand":[],"product_cat":[168,108,167],"product_tag":[],"class_list":{"0":"post-9914","1":"product","2":"type-product","3":"status-publish","4":"has-post-thumbnail","6":"product_cat-bahrin","7":"product_cat-nargile-komurleri","8":"product_cat-nargile-komurleri-nargile-komurleri","10":"first","11":"instock","12":"purchasable","13":"product-type-simple"},"jetpack_sharing_enabled":true,"_links":{"self":[{"href":"https:\/\/bahrinnargile.com\/index.php\/wp-json\/wp\/v2\/product\/9914","targetHints":{"allow":["GET"]}}],"collection":[{"href":"https:\/\/bahrinnargile.com\/index.php\/wp-json\/wp\/v2\/product"}],"about":[{"href":"https:\/\/bahrinnargile.com\/index.php\/wp-json\/wp\/v2\/types\/product"}],"version-history":[{"count":1,"href":"https:\/\/bahrinnargile.com\/index.php\/wp-json\/wp\/v2\/product\/9914\/revisions"}],"predecessor-version":[{"id":9917,"href":"https:\/\/bahrinnargile.com\/index.php\/wp-json\/wp\/v2\/product\/9914\/revisions\/9917"}],"wp:featuredmedia":[{"embeddable":true,"href":"https:\/\/bahrinnargile.com\/index.php\/wp-json\/wp\/v2\/media\/9915"}],"wp:attachment":[{"href":"https:\/\/bahrinnargile.com\/index.php\/wp-json\/wp\/v2\/media?parent=9914"}],"wp:term":[{"taxonomy":"product_brand","embeddable":true,"href":"https:\/\/bahrinnargile.com\/index.php\/wp-json\/wp\/v2\/product_brand?post=9914"},{"taxonomy":"product_cat","embeddable":true,"href":"https:\/\/bahrinnargile.com\/index.php\/wp-json\/wp\/v2\/product_cat?post=9914"},{"taxonomy":"product_tag","embeddable":true,"href":"https:\/\/bahrinnargile.com\/index.php\/wp-json\/wp\/v2\/product_tag?post=9914"}],"curies":[{"name":"wp","href":"https:\/\/api.w.org\/{rel}","templated":true}]}}