{"id":9918,"date":"2025-11-28T12:02:28","date_gmt":"2025-11-28T12:02:28","guid":{"rendered":"https:\/\/bahrinnargile.com\/?post_type=product&#038;p=9918"},"modified":"2026-03-06T08:12:06","modified_gmt":"2026-03-06T08:12:06","slug":"scwarzgeld-28-mm","status":"publish","type":"product","link":"https:\/\/bahrinnargile.com\/index.php\/urun\/scwarzgeld-28-mm\/","title":{"rendered":"Scwarzgeld 28 mm"},"content":{"rendered":"<p>Scwarzgeld 28mm Nargile K\u00f6m\u00fcr\u00fc<\/p>\n","protected":false},"excerpt":{"rendered":"<p>Scwarzgeld 28mm Nargile K\u00f6m\u00fcr\u00fc<\/p>\n","protected":false},"featured_media":9919,"template":"","meta":[],"product_brand":[],"product_cat":[108,167,175],"product_tag":[],"class_list":{"0":"post-9918","1":"product","2":"type-product","3":"status-publish","4":"has-post-thumbnail","6":"product_cat-nargile-komurleri","7":"product_cat-nargile-komurleri-nargile-komurleri","8":"product_cat-schwarzgeld","10":"first","11":"instock","12":"purchasable","13":"product-type-simple"},"jetpack_sharing_enabled":true,"_links":{"self":[{"href":"https:\/\/bahrinnargile.com\/index.php\/wp-json\/wp\/v2\/product\/9918","targetHints":{"allow":["GET"]}}],"collection":[{"href":"https:\/\/bahrinnargile.com\/index.php\/wp-json\/wp\/v2\/product"}],"about":[{"href":"https:\/\/bahrinnargile.com\/index.php\/wp-json\/wp\/v2\/types\/product"}],"version-history":[{"count":2,"href":"https:\/\/bahrinnargile.com\/index.php\/wp-json\/wp\/v2\/product\/9918\/revisions"}],"predecessor-version":[{"id":12154,"href":"https:\/\/bahrinnargile.com\/index.php\/wp-json\/wp\/v2\/product\/9918\/revisions\/12154"}],"wp:featuredmedia":[{"embeddable":true,"href":"https:\/\/bahrinnargile.com\/index.php\/wp-json\/wp\/v2\/media\/9919"}],"wp:attachment":[{"href":"https:\/\/bahrinnargile.com\/index.php\/wp-json\/wp\/v2\/media?parent=9918"}],"wp:term":[{"taxonomy":"product_brand","embeddable":true,"href":"https:\/\/bahrinnargile.com\/index.php\/wp-json\/wp\/v2\/product_brand?post=9918"},{"taxonomy":"product_cat","embeddable":true,"href":"https:\/\/bahrinnargile.com\/index.php\/wp-json\/wp\/v2\/product_cat?post=9918"},{"taxonomy":"product_tag","embeddable":true,"href":"https:\/\/bahrinnargile.com\/index.php\/wp-json\/wp\/v2\/product_tag?post=9918"}],"curies":[{"name":"wp","href":"https:\/\/api.w.org\/{rel}","templated":true}]}}