{"id":9924,"date":"2025-11-28T12:10:03","date_gmt":"2025-11-28T12:10:03","guid":{"rendered":"https:\/\/bahrinnargile.com\/?post_type=product&#038;p=9924"},"modified":"2026-03-06T08:11:55","modified_gmt":"2026-03-06T08:11:55","slug":"onenation-27-mm","status":"publish","type":"product","link":"https:\/\/bahrinnargile.com\/index.php\/urun\/onenation-27-mm\/","title":{"rendered":"One Nation 27&#8217;er Nargile K\u00f6m\u00fcr\u00fc"},"content":{"rendered":"","protected":false},"excerpt":{"rendered":"<h1><strong>One Nation K\u00fcp K\u00f6m\u00fcr 27 mm 1 kg<\/strong><\/h1>\n<p>Endenozya&#8217;dan ithal kaliteli k\u00fcp \u015feklinde nargile k\u00f6m\u00fcr\u00fcd\u00fcr. K\u00fcp \u00f6l\u00e7\u00fcleri 27&#215;27\u00a0mm&#8217;dir.<\/p>\n<p>Hindisten cevizi kabuklar\u0131 \u00f6nce karbonize edilerek k\u00f6m\u00fcrle\u015ftirilmi\u015f ve \u015fekile sokulmu\u015ftur.<\/p>\n<p>Nargile i\u00e7imi i\u00e7in en iyi k\u0131vama uygun olarak haz\u0131rlanm\u0131\u015f nargile k\u00f6m\u00fcr\u00fc 1 kg kutuda 54\u00a0adettir.<\/p>\n<p>Kaliteli nargile k\u00f6m\u00fcr\u00fc a\u011f\u0131r k\u00f6t\u00fc koku, s\u00f6nme, nargilenin tad\u0131n\u0131 de\u011fi\u015ftirme, parlama ve is yapmaz.<\/p>\n","protected":false},"featured_media":9925,"template":"","meta":[],"product_brand":[],"product_cat":[167,108,170],"product_tag":[],"class_list":{"0":"post-9924","1":"product","2":"type-product","3":"status-publish","4":"has-post-thumbnail","6":"product_cat-nargile-komurleri-nargile-komurleri","7":"product_cat-nargile-komurleri","8":"product_cat-one-nation","10":"first","11":"instock","12":"purchasable","13":"product-type-simple"},"jetpack_sharing_enabled":true,"_links":{"self":[{"href":"https:\/\/bahrinnargile.com\/index.php\/wp-json\/wp\/v2\/product\/9924","targetHints":{"allow":["GET"]}}],"collection":[{"href":"https:\/\/bahrinnargile.com\/index.php\/wp-json\/wp\/v2\/product"}],"about":[{"href":"https:\/\/bahrinnargile.com\/index.php\/wp-json\/wp\/v2\/types\/product"}],"version-history":[{"count":3,"href":"https:\/\/bahrinnargile.com\/index.php\/wp-json\/wp\/v2\/product\/9924\/revisions"}],"predecessor-version":[{"id":12158,"href":"https:\/\/bahrinnargile.com\/index.php\/wp-json\/wp\/v2\/product\/9924\/revisions\/12158"}],"wp:featuredmedia":[{"embeddable":true,"href":"https:\/\/bahrinnargile.com\/index.php\/wp-json\/wp\/v2\/media\/9925"}],"wp:attachment":[{"href":"https:\/\/bahrinnargile.com\/index.php\/wp-json\/wp\/v2\/media?parent=9924"}],"wp:term":[{"taxonomy":"product_brand","embeddable":true,"href":"https:\/\/bahrinnargile.com\/index.php\/wp-json\/wp\/v2\/product_brand?post=9924"},{"taxonomy":"product_cat","embeddable":true,"href":"https:\/\/bahrinnargile.com\/index.php\/wp-json\/wp\/v2\/product_cat?post=9924"},{"taxonomy":"product_tag","embeddable":true,"href":"https:\/\/bahrinnargile.com\/index.php\/wp-json\/wp\/v2\/product_tag?post=9924"}],"curies":[{"name":"wp","href":"https:\/\/api.w.org\/{rel}","templated":true}]}}