{"id":9927,"date":"2025-11-28T12:12:32","date_gmt":"2025-11-28T12:12:32","guid":{"rendered":"https:\/\/bahrinnargile.com\/?post_type=product&#038;p=9927"},"modified":"2026-03-06T08:11:50","modified_gmt":"2026-03-06T08:11:50","slug":"onenation-360er","status":"publish","type":"product","link":"https:\/\/bahrinnargile.com\/index.php\/urun\/onenation-360er\/","title":{"rendered":"One Nation 360&#8217;er Nargile K\u00f6m\u00fcr\u00fc"},"content":{"rendered":"","protected":false},"excerpt":{"rendered":"<h1>One Nation Nargile K\u00f6m\u00fcr\u00fc 360<\/h1>\n<p>Yar\u0131m ay \u015feklinde k\u00f6zl\u00fck &#8211; yanmaz uyumlu \u00a0\u015fekilde hindistan cevizi kabuklar\u0131ndan \u00fcretilmi\u015f nargile k\u00f6m\u00fcr\u00fcd\u00fcr.<\/p>\n<p>Hindistan cevizi kabuklar\u0131 toz haline getirilip karbonize edildikten sonra tekrar k\u00fcp \u015feklinde \u015f\u0131k\u0131\u015ft\u0131r\u0131larak olu\u015fturulmu\u015ftur.<\/p>\n<p>Koku, is, ba\u015f a\u011fr\u0131s\u0131 yapmaz kaliteli nargile k\u00f6m\u00fcr\u00fcd\u00fcr. 1 kg lik kutu i\u00e7erisinde 40 adet 25 mm&#8217; lik yar\u0131m ay \u015feklinde k\u00f6m\u00fcr vard\u0131r.<\/p>\n","protected":false},"featured_media":9928,"template":"","meta":[],"product_brand":[],"product_cat":[167,108,170],"product_tag":[],"class_list":{"0":"post-9927","1":"product","2":"type-product","3":"status-publish","4":"has-post-thumbnail","6":"product_cat-nargile-komurleri-nargile-komurleri","7":"product_cat-nargile-komurleri","8":"product_cat-one-nation","10":"first","11":"instock","12":"purchasable","13":"product-type-simple"},"jetpack_sharing_enabled":true,"_links":{"self":[{"href":"https:\/\/bahrinnargile.com\/index.php\/wp-json\/wp\/v2\/product\/9927","targetHints":{"allow":["GET"]}}],"collection":[{"href":"https:\/\/bahrinnargile.com\/index.php\/wp-json\/wp\/v2\/product"}],"about":[{"href":"https:\/\/bahrinnargile.com\/index.php\/wp-json\/wp\/v2\/types\/product"}],"version-history":[{"count":3,"href":"https:\/\/bahrinnargile.com\/index.php\/wp-json\/wp\/v2\/product\/9927\/revisions"}],"predecessor-version":[{"id":12159,"href":"https:\/\/bahrinnargile.com\/index.php\/wp-json\/wp\/v2\/product\/9927\/revisions\/12159"}],"wp:featuredmedia":[{"embeddable":true,"href":"https:\/\/bahrinnargile.com\/index.php\/wp-json\/wp\/v2\/media\/9928"}],"wp:attachment":[{"href":"https:\/\/bahrinnargile.com\/index.php\/wp-json\/wp\/v2\/media?parent=9927"}],"wp:term":[{"taxonomy":"product_brand","embeddable":true,"href":"https:\/\/bahrinnargile.com\/index.php\/wp-json\/wp\/v2\/product_brand?post=9927"},{"taxonomy":"product_cat","embeddable":true,"href":"https:\/\/bahrinnargile.com\/index.php\/wp-json\/wp\/v2\/product_cat?post=9927"},{"taxonomy":"product_tag","embeddable":true,"href":"https:\/\/bahrinnargile.com\/index.php\/wp-json\/wp\/v2\/product_tag?post=9927"}],"curies":[{"name":"wp","href":"https:\/\/api.w.org\/{rel}","templated":true}]}}