{"id":9974,"date":"2025-12-19T07:16:46","date_gmt":"2025-12-19T07:16:46","guid":{"rendered":"https:\/\/bahrinnargile.com\/?post_type=product&#038;p=9974"},"modified":"2026-03-06T08:30:13","modified_gmt":"2026-03-06T08:30:13","slug":"kuzilay-iskambil-kagidi","status":"publish","type":"product","link":"https:\/\/bahrinnargile.com\/index.php\/urun\/kuzilay-iskambil-kagidi\/","title":{"rendered":"Kuzilay \u0130skambil Ka\u011f\u0131d\u0131"},"content":{"rendered":"","protected":false},"excerpt":{"rendered":"","protected":false},"featured_media":9975,"template":"","meta":[],"product_brand":[],"product_cat":[200,123,197],"product_tag":[],"class_list":{"0":"post-9974","1":"product","2":"type-product","3":"status-publish","4":"has-post-thumbnail","6":"product_cat-iskanbil-kagitlari","7":"product_cat-oyun-takimlari","8":"product_cat-oyun-takimlari-oyun-takimlari","10":"first","11":"instock","12":"purchasable","13":"product-type-simple"},"jetpack_sharing_enabled":true,"_links":{"self":[{"href":"https:\/\/bahrinnargile.com\/index.php\/wp-json\/wp\/v2\/product\/9974","targetHints":{"allow":["GET"]}}],"collection":[{"href":"https:\/\/bahrinnargile.com\/index.php\/wp-json\/wp\/v2\/product"}],"about":[{"href":"https:\/\/bahrinnargile.com\/index.php\/wp-json\/wp\/v2\/types\/product"}],"version-history":[{"count":2,"href":"https:\/\/bahrinnargile.com\/index.php\/wp-json\/wp\/v2\/product\/9974\/revisions"}],"predecessor-version":[{"id":9977,"href":"https:\/\/bahrinnargile.com\/index.php\/wp-json\/wp\/v2\/product\/9974\/revisions\/9977"}],"wp:featuredmedia":[{"embeddable":true,"href":"https:\/\/bahrinnargile.com\/index.php\/wp-json\/wp\/v2\/media\/9975"}],"wp:attachment":[{"href":"https:\/\/bahrinnargile.com\/index.php\/wp-json\/wp\/v2\/media?parent=9974"}],"wp:term":[{"taxonomy":"product_brand","embeddable":true,"href":"https:\/\/bahrinnargile.com\/index.php\/wp-json\/wp\/v2\/product_brand?post=9974"},{"taxonomy":"product_cat","embeddable":true,"href":"https:\/\/bahrinnargile.com\/index.php\/wp-json\/wp\/v2\/product_cat?post=9974"},{"taxonomy":"product_tag","embeddable":true,"href":"https:\/\/bahrinnargile.com\/index.php\/wp-json\/wp\/v2\/product_tag?post=9974"}],"curies":[{"name":"wp","href":"https:\/\/api.w.org\/{rel}","templated":true}]}}