{"id":9992,"date":"2025-12-19T07:49:05","date_gmt":"2025-12-19T07:49:05","guid":{"rendered":"https:\/\/bahrinnargile.com\/?post_type=product&#038;p=9992"},"modified":"2026-03-06T08:29:42","modified_gmt":"2026-03-06T08:29:42","slug":"eser-ahsap-okey-takimi","status":"publish","type":"product","link":"https:\/\/bahrinnargile.com\/index.php\/urun\/eser-ahsap-okey-takimi\/","title":{"rendered":"Eser Ah\u015fap Okey Tak\u0131m\u0131"},"content":{"rendered":"","protected":false},"excerpt":{"rendered":"","protected":false},"featured_media":9993,"template":"","meta":[],"product_brand":[],"product_cat":[198,123,197],"product_tag":[],"class_list":{"0":"post-9992","1":"product","2":"type-product","3":"status-publish","4":"has-post-thumbnail","6":"product_cat-okey-takimlari","7":"product_cat-oyun-takimlari","8":"product_cat-oyun-takimlari-oyun-takimlari","10":"first","11":"instock","12":"purchasable","13":"product-type-simple"},"jetpack_sharing_enabled":true,"_links":{"self":[{"href":"https:\/\/bahrinnargile.com\/index.php\/wp-json\/wp\/v2\/product\/9992","targetHints":{"allow":["GET"]}}],"collection":[{"href":"https:\/\/bahrinnargile.com\/index.php\/wp-json\/wp\/v2\/product"}],"about":[{"href":"https:\/\/bahrinnargile.com\/index.php\/wp-json\/wp\/v2\/types\/product"}],"version-history":[{"count":2,"href":"https:\/\/bahrinnargile.com\/index.php\/wp-json\/wp\/v2\/product\/9992\/revisions"}],"predecessor-version":[{"id":9996,"href":"https:\/\/bahrinnargile.com\/index.php\/wp-json\/wp\/v2\/product\/9992\/revisions\/9996"}],"wp:featuredmedia":[{"embeddable":true,"href":"https:\/\/bahrinnargile.com\/index.php\/wp-json\/wp\/v2\/media\/9993"}],"wp:attachment":[{"href":"https:\/\/bahrinnargile.com\/index.php\/wp-json\/wp\/v2\/media?parent=9992"}],"wp:term":[{"taxonomy":"product_brand","embeddable":true,"href":"https:\/\/bahrinnargile.com\/index.php\/wp-json\/wp\/v2\/product_brand?post=9992"},{"taxonomy":"product_cat","embeddable":true,"href":"https:\/\/bahrinnargile.com\/index.php\/wp-json\/wp\/v2\/product_cat?post=9992"},{"taxonomy":"product_tag","embeddable":true,"href":"https:\/\/bahrinnargile.com\/index.php\/wp-json\/wp\/v2\/product_tag?post=9992"}],"curies":[{"name":"wp","href":"https:\/\/api.w.org\/{rel}","templated":true}]}}